{"id":34,"date":"2025-10-28T18:29:18","date_gmt":"2025-10-28T18:29:18","guid":{"rendered":"https:\/\/restaurantebahiaclubyaute.com\/?page_id=34"},"modified":"2025-11-27T00:51:31","modified_gmt":"2025-11-27T00:51:31","slug":"pagina3","status":"publish","type":"page","link":"https:\/\/restaurantebahiaclubyaute.com\/?page_id=34","title":{"rendered":"Men\u00fa"},"content":{"rendered":"\n<div class=\"wp-block-stackable-separator alignfull stk-block-separator stk--no-padding stk-block stk-e1ea289 stk-block-background\" data-block-id=\"e1ea289\"><style>.stk-e1ea289 {background-color:#faf0e6 !important;border-style:solid !important;border-top-width:0px !important;border-right-width:0px !important;border-bottom-width:0px !important;border-left-width:0px !important;}.stk-e1ea289:before{background-color:#faf0e6 !important;}<\/style><div class=\"stk-block-separator__inner\"><svg xmlns=\"http:\/\/www.w3.org\/2000\/svg\" viewBox=\"0 0 1600 200\" class=\"stk-separator__layer-1\" preserveAspectRatio=\"none\" aria-hidden=\"true\"><path class=\"wave-2_svg__st2\" d=\"M1432.2 67.4c-88.8-16.7-156-5.3-204 8.5s-147.1 62.2-223.1 73.9c-75.4 11.6-164-7.5-275-27.9S571 88.1 456 98.1c-119.7 10.4-224.7 52-294.4 73-94.5 28.5-171.6-3-171.6-3V210h1620V91.6c-53 10-86.8-7.1-177.8-24.2z\"><\/path><\/svg><\/div><\/div>\n\n\n\n<div class=\"wp-block-stackable-columns alignfull stk-block-columns stk-block stk-7e7d25a stk-block-background stk--has-background-overlay\" data-block-id=\"7e7d25a\"><style>.stk-7e7d25a {background-image:url(http:\/\/restaurantebahiaclubyaute.com\/wp-content\/uploads\/2025\/11\/WhatsApp-Image-2025-11-01-at-1.39.51-PM-18.jpeg) !important;min-height:400px !important;align-items:center !important;padding-top:var(--stk--preset--spacing--70, 3.38rem) !important;padding-right:var(--stk--preset--spacing--70, 3.38rem) !important;padding-bottom:var(--stk--preset--spacing--70, 3.38rem) !important;padding-left:var(--stk--preset--spacing--70, 3.38rem) !important;margin-bottom:0px !important;display:flex !important;}.stk-7e7d25a:before{background-color:#000000 !important;opacity:0.5 !important;}<\/style><div class=\"stk-row stk-inner-blocks stk-block-content stk-content-align stk-7e7d25a-column alignwide\">\n<div class=\"wp-block-stackable-column stk-block-column stk-column stk-block stk-aa2d930\" data-v=\"4\" data-block-id=\"aa2d930\"><div class=\"stk-column-wrapper stk-block-column__content stk-container stk-aa2d930-container stk--no-background stk--no-padding\"><div class=\"stk-block-content stk-inner-blocks stk-aa2d930-inner-blocks\">\n<div class=\"wp-block-stackable-heading stk-block-heading stk-block-heading--v2 stk-block stk-68e8e57\" id=\"heading-placeholder\" data-block-id=\"68e8e57\"><style>.stk-68e8e57 .stk-block-heading__top-line{margin-bottom:0px !important;margin-left:auto !important;margin-right:auto !important;}.stk-68e8e57 .stk-block-heading__bottom-line{height:5px !important;width:0px !important;margin-top:10px !important;}.stk-68e8e57 .stk-block-heading__text{text-shadow:4px 4px 0px #000000ff !important;color:#ffffc0 !important;}<\/style><h1 class=\"stk-block-heading__text has-text-color has-text-align-center\">MEN\u00da COMPLETO<\/h1><\/div>\n\n\n\n<div class=\"wp-block-stackable-text stk-block-text stk-block stk-ec78b3e\" data-block-id=\"ec78b3e\"><style>.stk-ec78b3e {column-count:2 !important;column-gap:7px !important;padding-top:var(--stk--preset--spacing--none, 0px) !important;padding-right:var(--stk--preset--spacing--none, 0px) !important;padding-bottom:var(--stk--preset--spacing--none, 0px) !important;padding-left:var(--stk--preset--spacing--none, 0px) !important;margin-right:var(--stk--preset--spacing--none, 0px) !important;}.stk-ec78b3e .stk-block-text__text{text-shadow:4px 4px 0px #000000ff !important;font-size:var(--stk--preset--font-size--large, 30px) !important;color:#ffc9c9 !important;}@media screen and (max-width:999px){.stk-ec78b3e .stk-block-text__text{font-size:var(--stk--preset--font-size--large, 30px) !important;}}<\/style><p class=\"stk-block-text__text has-text-color\">&#8220;La fusi\u00f3n de la frescura costera con el sabor de Morelos.&#8221;<\/p><\/div>\n<\/div><\/div><\/div>\n<\/div><\/div>\n\n\n\n<div class=\"wp-block-stackable-separator alignfull stk-block-separator stk--no-padding stk-block stk-b849e6a stk-block-background\" data-block-id=\"b849e6a\"><style>.stk-b849e6a {background-color:#faf0e6 !important;}.stk-b849e6a:before{background-color:#faf0e6 !important;}<\/style><div class=\"stk-block-separator__inner\"><svg xmlns=\"http:\/\/www.w3.org\/2000\/svg\" viewBox=\"0 0 1600 200\" class=\"stk-separator__layer-1\" preserveAspectRatio=\"none\" aria-hidden=\"true\"><path class=\"wave-1_svg__st2\" d=\"M1341.4 48.9c-182.4 0-254.2 80.4-429.4 80.4-117.8 0-209.7-67.5-393.5-67.5-142.2 0-212.6 38.8-324.6 38.8S-10 64.7-10 64.7V210h1620V102c-110.6-40.2-181-53.1-268.6-53.1z\"><\/path><\/svg><\/div><\/div>\n\n\n\n<div class=\"wp-block-stackable-columns alignfull stk-block-columns stk-block stk-10bc3dc stk-block-background\" data-block-id=\"10bc3dc\"><style>.stk-10bc3dc {background-color:#faf0e6 !important;min-height:250px !important;align-items:center !important;margin-top:var(--stk--preset--spacing--70, 3.38rem) !important;margin-bottom:var(--stk--preset--spacing--70, 3.38rem) !important;display:flex !important;}.stk-10bc3dc:before{background-color:#faf0e6 !important;}<\/style><div class=\"stk-row stk-inner-blocks stk-block-content stk-content-align stk-10bc3dc-column alignwide\">\n<div class=\"wp-block-stackable-column stk-block-column stk-column stk-block stk-574bcc8\" data-v=\"4\" data-block-id=\"574bcc8\"><div class=\"stk-column-wrapper stk-block-column__content stk-container stk-574bcc8-container stk--no-background stk--no-padding\"><div class=\"stk-block-content stk-inner-blocks stk-574bcc8-inner-blocks\">\n<div class=\"wp-block-stackable-heading stk-block-heading stk-block-heading--v2 stk-block stk-9a5880d\" id=\"heading-placeholder\" data-block-id=\"9a5880d\"><style>.stk-9a5880d .stk-block-heading__text{color:#aa2f2f !important;}<\/style><h1 class=\"stk-block-heading__text has-text-color has-text-align-center\">Descubre Nuestro Arte Culinario<\/h1><\/div>\n\n\n\n<div class=\"wp-block-stackable-button-group stk-block-button-group stk-block stk-6ede4c7\" data-block-id=\"6ede4c7\"><div class=\"stk-row stk-inner-blocks has-text-align-center stk-block-content stk-button-group\">\n<div class=\"wp-block-stackable-button stk-block-button stk-block stk-288e349\" data-block-id=\"288e349\"><style>.stk-288e349 .stk-button{padding-right:var(--stk--preset--spacing--70, 3.38rem) !important;padding-left:var(--stk--preset--spacing--70, 3.38rem) !important;background:#00ddc7 !important;border-top-left-radius:var(--stk--preset--border-radius--large, 16px) !important;border-top-right-radius:var(--stk--preset--border-radius--large, 16px) !important;border-bottom-right-radius:var(--stk--preset--border-radius--large, 16px) !important;border-bottom-left-radius:var(--stk--preset--border-radius--large, 16px) !important;}.stk-288e349 .stk-button:before{box-shadow:0 5px 30px -10px #123f524d !important;}.stk-288e349 .stk-button .stk--inner-svg svg:last-child{height:30px !important;width:30px !important;}.stk-288e349 .stk-button__inner-text{font-size:var(--stk--preset--font-size--medium, 20px) !important;}@media screen and (max-width:999px){.stk-288e349 .stk-button__inner-text{font-size:var(--stk--preset--font-size--medium, 20px) !important;}}<\/style><a class=\"stk-link stk-button stk--hover-effect-scale\" href=\"http:\/\/restaurantebahiaclubyaute.com\/wp-content\/uploads\/2025\/11\/Carta-bahia-clup.pdf\"><span class=\"stk-button__inner-text\">&#8220;Explorar la Carta Ahora&#8221;<\/span><span class=\"stk--svg-wrapper\"><div class=\"stk--inner-svg\"><svg xmlns=\"http:\/\/www.w3.org\/2000\/svg\" viewBox=\"0 0 448 512\" aria-hidden=\"true\" width=\"32\" height=\"32\"><path d=\"M416 0C400 0 288 32 288 176V288c0 35.3 28.7 64 64 64h32V480c0 17.7 14.3 32 32 32s32-14.3 32-32V352 240 32c0-17.7-14.3-32-32-32zM64 16C64 7.8 57.9 1 49.7 .1S34.2 4.6 32.4 12.5L2.1 148.8C.7 155.1 0 161.5 0 167.9c0 45.9 35.1 83.6 80 87.7V480c0 17.7 14.3 32 32 32s32-14.3 32-32V255.6c44.9-4.1 80-41.8 80-87.7c0-6.4-.7-12.8-2.1-19.1L191.6 12.5c-1.8-8-9.3-13.3-17.4-12.4S160 7.8 160 16V150.2c0 5.4-4.4 9.8-9.8 9.8c-5.1 0-9.3-3.9-9.8-9L127.9 14.6C127.2 6.3 120.3 0 112 0s-15.2 6.3-15.9 14.6L83.7 151c-.5 5.1-4.7 9-9.8 9c-5.4 0-9.8-4.4-9.8-9.8V16zm48.3 152l-.3 0-.3 0 .3-.7 .3 .7z\"><\/path><\/svg><\/div><\/span><\/a><\/div>\n<\/div><\/div>\n<\/div><\/div><\/div>\n<\/div><\/div>\n\n\n\n<div class=\"wp-block-stackable-spacer stk-block-spacer stk--no-padding stk-block stk-20ab662 stk-block-background\" data-block-id=\"20ab662\"><style>.stk-20ab662 {background-color:#faf0e6 !important;}.stk-20ab662:before{background-color:#faf0e6 !important;}<\/style><\/div>\n\n\n\n<figure class=\"wp-block-video\"><video controls src=\"https:\/\/restaurantebahiaclubyaute.com\/wp-content\/uploads\/2025\/11\/video-menu-1.mp4\"><\/video><\/figure>\n\n\n\n<div class=\"wp-block-stackable-columns alignfull stk-block-columns stk-block stk-64fe829 stk-block-background stk--has-background-overlay\" data-block-id=\"64fe829\"><style>.stk-64fe829 {background-image:url(https:\/\/restaurantebahiaclubyaute.com\/wp-content\/uploads\/2025\/11\/stk-design-library-image-1.jpeg) !important;min-height:400px !important;align-items:center !important;padding-top:var(--stk--preset--spacing--70, 3.38rem) !important;padding-right:var(--stk--preset--spacing--70, 3.38rem) !important;padding-bottom:var(--stk--preset--spacing--70, 3.38rem) !important;padding-left:var(--stk--preset--spacing--70, 3.38rem) !important;margin-bottom:0px !important;display:flex !important;}.stk-64fe829:before{background-color:#000000 !important;opacity:0.6 !important;}<\/style><div class=\"stk-row stk-inner-blocks stk-block-content stk-content-align stk-64fe829-column alignwide\">\n<div class=\"wp-block-stackable-column stk-block-column stk-column stk-block stk-ce86111\" data-v=\"4\" data-block-id=\"ce86111\"><div class=\"stk-column-wrapper stk-block-column__content stk-container stk-ce86111-container stk--no-background stk--no-padding\"><div class=\"stk-block-content stk-inner-blocks stk-ce86111-inner-blocks\">\n<div class=\"wp-block-stackable-heading stk-block-heading stk-block-heading--v2 stk-block stk-2292751\" id=\"heading-placeholder\" data-block-id=\"2292751\"><style>.stk-2292751 .stk-block-heading__text{font-size:var(--stk--preset--font-size--xx-large, 80px) !important;color:#fcfccc !important;}@media screen and (max-width:999px){.stk-2292751 .stk-block-heading__text{font-size:var(--stk--preset--font-size--xx-large, 80px) !important;}}<\/style><h1 class=\"stk-block-heading__text has-text-color has-text-align-center\">Reserva tu mesa YA!<\/h1><\/div>\n\n\n\n<div class=\"wp-block-stackable-button-group stk-block-button-group stk-block stk-93f275c\" data-block-id=\"93f275c\"><div class=\"stk-row stk-inner-blocks stk-block-content stk-button-group\">\n<div class=\"wp-block-stackable-button stk-block-button has-text-align-center stk-block stk-48de051\" data-block-id=\"48de051\"><style>.stk-48de051 .stk-button{padding-right:var(--stk--preset--spacing--60, 2.25rem) !important;padding-left:var(--stk--preset--spacing--60, 2.25rem) !important;background:#4dabf8 !important;}.stk-48de051 .stk-button .stk--inner-svg svg:last-child{height:28px !important;width:28px !important;}<\/style><a class=\"stk-link stk-button stk--hover-effect-darken\" href=\"https:\/\/restaurantebahiaclubyaute.com\/?page_id=31\"><span class=\"stk-button__inner-text\">Reserva tu mesa aqui.<\/span><span class=\"stk--svg-wrapper\"><div class=\"stk--inner-svg\"><svg xmlns=\"http:\/\/www.w3.org\/2000\/svg\" viewBox=\"0 0 448 512\" aria-hidden=\"true\" width=\"32\" height=\"32\"><path d=\"M0 64C0 28.7 28.7 0 64 0H384c35.3 0 64 28.7 64 64V448c0 35.3-28.7 64-64 64H64c-35.3 0-64-28.7-64-64V64zM256 448a32 32 0 1 0 -64 0 32 32 0 1 0 64 0zM384 64H64V384H384V64z\"><\/path><\/svg><\/div><\/span><\/a><\/div>\n<\/div><\/div>\n<\/div><\/div><\/div>\n<\/div><\/div>\n\n\n\n<div class=\"wp-block-stackable-spacer stk-block-spacer stk--no-padding stk-block stk-32549af stk-block-background\" data-block-id=\"32549af\"><style>.stk-32549af {background-color:#faf0e6 !important;}.stk-32549af:before{background-color:#faf0e6 !important;}<\/style><\/div>\n\n\n\n<div class=\"wp-block-stackable-columns alignfull stk-block-columns stk-block stk-2dc1a64 stk-block-background\" data-block-id=\"2dc1a64\"><style>.stk-2dc1a64 {background-color:#faf0e6 !important;margin-top:var(--stk--preset--spacing--70, 3.38rem) !important;margin-bottom:var(--stk--preset--spacing--70, 3.38rem) !important;}.stk-2dc1a64:before{background-color:#faf0e6 !important;}.stk-2dc1a64-column{--stk-column-gap:var(--stk--preset--spacing--50, clamp(30px, 5vw, 50px)) !important;}<\/style><div class=\"stk-row stk-inner-blocks stk-block-content stk-content-align stk-2dc1a64-column alignwide\">\n<div class=\"wp-block-stackable-column stk-block-column stk-column stk-block stk-378e651 stk-block-background stk--has-background-overlay\" data-v=\"4\" data-block-id=\"378e651\"><style>.stk-378e651 {background-image:url(http:\/\/restaurantebahiaclubyaute.com\/wp-content\/uploads\/2025\/11\/alberca.jpg) !important;}<\/style><div class=\"stk-column-wrapper stk-block-column__content stk-container stk-378e651-container stk--no-background stk--no-padding\"><div class=\"stk-block-content stk-inner-blocks stk-378e651-inner-blocks\"><\/div><\/div><\/div>\n\n\n\n<div class=\"wp-block-stackable-column stk-block-column stk-column stk-block stk-049778c\" data-v=\"4\" data-block-id=\"049778c\"><div class=\"stk-column-wrapper stk-block-column__content stk-container stk-049778c-container stk--no-background stk--no-padding\"><div class=\"stk-block-content stk-inner-blocks stk-049778c-inner-blocks\">\n<div class=\"wp-block-stackable-heading stk-block-heading stk-block-heading--v2 stk-block stk-8678aa2\" id=\"heading-placeholder\" data-block-id=\"8678aa2\"><style>.stk-8678aa2 {margin-bottom:16px !important;}.stk-8678aa2 .stk-block-heading__text{color:#000000 !important;}<\/style><h1 class=\"stk-block-heading__text has-text-color\"><strong>\u00a1Vis\u00edtanos o Reserva tu Mesa<\/strong>!<\/h1><\/div>\n\n\n\n<div class=\"wp-block-stackable-text stk-block-text stk-block stk-75e641e\" data-block-id=\"75e641e\"><style>.stk-75e641e {margin-bottom:32px !important;}.stk-75e641e .stk-block-text__text{color:#000770 !important;}<\/style><p class=\"stk-block-text__text has-text-color\"><strong>&#8220;Ya sea que desees reservar tu mesa, consultar nuestros horarios o planificar un evento especial, nuestro equipo est\u00e1 listo para atenderte.&#8221;<\/strong><\/p><\/div>\n\n\n\n<div class=\"wp-block-stackable-text stk-block-text stk-block stk-4ad03dd\" data-block-id=\"4ad03dd\"><style>.stk-4ad03dd {margin-bottom:16px !important;}.stk-4ad03dd .stk-block-text__text{color:#000000 !important;}<\/style><p class=\"stk-block-text__text has-text-color\"><strong>Direcci\u00f3n:<\/strong> Del Ciruelo 20, Buenavista, 62733 Yautepec de Zaragoza, Mor.<\/p><\/div>\n\n\n\n<div class=\"wp-block-stackable-text stk-block-text stk-block stk-8d516ef\" data-block-id=\"8d516ef\"><style>.stk-8d516ef {margin-bottom:16px !important;}.stk-8d516ef .stk-block-text__text{color:#000000 !important;}<\/style><p class=\"stk-block-text__text has-text-color\"><strong>Tel\u00e9fono:<\/strong> +52 1 998 232 5465<\/p><\/div>\n\n\n\n<div class=\"wp-block-stackable-text stk-block-text stk-block stk-ff02d1b\" data-block-id=\"ff02d1b\"><style>.stk-ff02d1b .stk-block-text__text{color:#080000 !important;}<\/style><p class=\"stk-block-text__text has-text-color\"><strong>Correo electr\u00f3nico:<\/strong> hotelarianabacalar@gmail.com<\/p><\/div>\n<\/div><\/div><\/div>\n<\/div><\/div>\n\n\n\n<div class=\"wp-block-stackable-map stk-block-map stk-block stk-8a50baa\" data-block-id=\"8a50baa\"><style>.stk-8a50baa .stk-block-map__canvas, .stk-8a50baa iframe{height:370px !important;}<\/style><iframe\n\t\t\t\t\t\ttitle=\"Embedded content from Google Maps Platform.\"\n\t\t\t\t\t\tsrc=\"https:\/\/maps.google.com\/maps?q=restaurante bah\u00eda club Yautepec&#038;t=&#038;z=15&#038;ie=UTF8&#038;output=embed\"\n\t\t\t\t\t\tstyle=\"border:0;width:100%;max-width:none;max-height:none;height:100%;\"\n\t\t\t\t\t\taria-hidden=\"false\"\n\t\t\t\t\t\ttabIndex=\"0\"\n\t\t\t\t\t\tallowfullscreen\n\t\t\t\t\t\tloading=\"lazy\"\n\t\t\t\t\t\tframeBorder=\"0\"\n\t\t\t\t\t><\/iframe><\/div>\n\n\n\n<div class=\"wp-block-stackable-separator alignfull stk-block-separator stk--no-padding stk-block stk-d9d3878 stk-block-background\" data-block-id=\"d9d3878\"><style>.stk-d9d3878 {background-color:#faf0e6 !important;}.stk-d9d3878:before{background-color:#faf0e6 !important;}<\/style><div class=\"stk-block-separator__inner\"><svg xmlns=\"http:\/\/www.w3.org\/2000\/svg\" viewBox=\"0 0 1600 200\" class=\"stk-separator__layer-1\" preserveAspectRatio=\"none\" aria-hidden=\"true\"><path class=\"wave-1_svg__st2\" d=\"M1341.4 48.9c-182.4 0-254.2 80.4-429.4 80.4-117.8 0-209.7-67.5-393.5-67.5-142.2 0-212.6 38.8-324.6 38.8S-10 64.7-10 64.7V210h1620V102c-110.6-40.2-181-53.1-268.6-53.1z\"><\/path><\/svg><\/div><\/div>\n","protected":false},"excerpt":{"rendered":"<p>MEN\u00da COMPLETO &#8220;La fusi\u00f3n de la frescura costera con el sabor de Morelos.&#8221; Descubre Nuestro Arte Culinario &#8220;Explorar la Carta Ahora&#8221; Reserva tu mesa YA! Reserva tu mesa aqui. \u00a1Vis\u00edtanos o Reserva tu Mesa! &#8220;Ya sea que desees reservar tu mesa, consultar nuestros horarios o planificar un evento especial, nuestro equipo est\u00e1 listo para atenderte.&#8221; [&hellip;]<\/p>\n","protected":false},"author":1,"featured_media":0,"parent":0,"menu_order":0,"comment_status":"closed","ping_status":"closed","template":"","meta":{"_joinchat":[],"footnotes":""},"class_list":["post-34","page","type-page","status-publish","hentry"],"blocksy_meta":[],"yoast_head":"<!-- This site is optimized with the Yoast SEO plugin v26.2 - https:\/\/yoast.com\/wordpress\/plugins\/seo\/ -->\n<title>Men\u00fa - Restaurante Bahia Yautepec<\/title>\n<meta name=\"robots\" content=\"index, follow, max-snippet:-1, max-image-preview:large, max-video-preview:-1\" \/>\n<link rel=\"canonical\" href=\"https:\/\/restaurantebahiaclubyaute.com\/?page_id=34\" \/>\n<meta property=\"og:locale\" content=\"en_US\" \/>\n<meta property=\"og:type\" content=\"article\" \/>\n<meta property=\"og:title\" content=\"Men\u00fa - Restaurante Bahia Yautepec\" \/>\n<meta property=\"og:description\" content=\"MEN\u00da COMPLETO &#8220;La fusi\u00f3n de la frescura costera con el sabor de Morelos.&#8221; Descubre Nuestro Arte Culinario &#8220;Explorar la Carta Ahora&#8221; Reserva tu mesa YA! Reserva tu mesa aqui. \u00a1Vis\u00edtanos o Reserva tu Mesa! &#8220;Ya sea que desees reservar tu mesa, consultar nuestros horarios o planificar un evento especial, nuestro equipo est\u00e1 listo para atenderte.&#8221; [&hellip;]\" \/>\n<meta property=\"og:url\" content=\"https:\/\/restaurantebahiaclubyaute.com\/?page_id=34\" \/>\n<meta property=\"og:site_name\" content=\"Restaurante Bahia Yautepec\" \/>\n<meta property=\"article:publisher\" content=\"https:\/\/www.facebook.com\/61583127422705\/posts\/disfruta-un-sabado-de-desayuno-buffet-con-nosotros-y-pasa-el-da-gozando-de-nue\/122102781687104247\/\" \/>\n<meta property=\"article:modified_time\" content=\"2025-11-27T00:51:31+00:00\" \/>\n<meta name=\"twitter:card\" content=\"summary_large_image\" \/>\n<meta name=\"twitter:label1\" content=\"Est. reading time\" \/>\n\t<meta name=\"twitter:data1\" content=\"1 minute\" \/>\n<script type=\"application\/ld+json\" class=\"yoast-schema-graph\">{\"@context\":\"https:\/\/schema.org\",\"@graph\":[{\"@type\":\"WebPage\",\"@id\":\"https:\/\/restaurantebahiaclubyaute.com\/?page_id=34\",\"url\":\"https:\/\/restaurantebahiaclubyaute.com\/?page_id=34\",\"name\":\"Men\u00fa - Restaurante Bahia Yautepec\",\"isPartOf\":{\"@id\":\"http:\/\/restaurantebahiaclubyaute.com\/#website\"},\"datePublished\":\"2025-10-28T18:29:18+00:00\",\"dateModified\":\"2025-11-27T00:51:31+00:00\",\"breadcrumb\":{\"@id\":\"https:\/\/restaurantebahiaclubyaute.com\/?page_id=34#breadcrumb\"},\"inLanguage\":\"en-US\",\"potentialAction\":[{\"@type\":\"ReadAction\",\"target\":[\"https:\/\/restaurantebahiaclubyaute.com\/?page_id=34\"]}]},{\"@type\":\"BreadcrumbList\",\"@id\":\"https:\/\/restaurantebahiaclubyaute.com\/?page_id=34#breadcrumb\",\"itemListElement\":[{\"@type\":\"ListItem\",\"position\":1,\"name\":\"Home\",\"item\":\"http:\/\/restaurantebahiaclubyaute.com\/\"},{\"@type\":\"ListItem\",\"position\":2,\"name\":\"Men\u00fa\"}]},{\"@type\":\"WebSite\",\"@id\":\"http:\/\/restaurantebahiaclubyaute.com\/#website\",\"url\":\"http:\/\/restaurantebahiaclubyaute.com\/\",\"name\":\"Restaurante Bahia Yautepec\",\"description\":\"\",\"publisher\":{\"@id\":\"http:\/\/restaurantebahiaclubyaute.com\/#organization\"},\"potentialAction\":[{\"@type\":\"SearchAction\",\"target\":{\"@type\":\"EntryPoint\",\"urlTemplate\":\"http:\/\/restaurantebahiaclubyaute.com\/?s={search_term_string}\"},\"query-input\":{\"@type\":\"PropertyValueSpecification\",\"valueRequired\":true,\"valueName\":\"search_term_string\"}}],\"inLanguage\":\"en-US\"},{\"@type\":\"Organization\",\"@id\":\"http:\/\/restaurantebahiaclubyaute.com\/#organization\",\"name\":\"Restaurante Bahia Yautepec\",\"url\":\"http:\/\/restaurantebahiaclubyaute.com\/\",\"logo\":{\"@type\":\"ImageObject\",\"inLanguage\":\"en-US\",\"@id\":\"http:\/\/restaurantebahiaclubyaute.com\/#\/schema\/logo\/image\/\",\"url\":\"https:\/\/restaurantebahiaclubyaute.com\/wp-content\/uploads\/2025\/10\/logocasa_o.jpeg\",\"contentUrl\":\"https:\/\/restaurantebahiaclubyaute.com\/wp-content\/uploads\/2025\/10\/logocasa_o.jpeg\",\"width\":1080,\"height\":1080,\"caption\":\"Restaurante Bahia Yautepec\"},\"image\":{\"@id\":\"http:\/\/restaurantebahiaclubyaute.com\/#\/schema\/logo\/image\/\"},\"sameAs\":[\"https:\/\/www.facebook.com\/61583127422705\/posts\/disfruta-un-sabado-de-desayuno-buffet-con-nosotros-y-pasa-el-da-gozando-de-nue\/122102781687104247\/\"]}]}<\/script>\n<!-- \/ Yoast SEO plugin. -->","yoast_head_json":{"title":"Men\u00fa - Restaurante Bahia Yautepec","robots":{"index":"index","follow":"follow","max-snippet":"max-snippet:-1","max-image-preview":"max-image-preview:large","max-video-preview":"max-video-preview:-1"},"canonical":"https:\/\/restaurantebahiaclubyaute.com\/?page_id=34","og_locale":"en_US","og_type":"article","og_title":"Men\u00fa - Restaurante Bahia Yautepec","og_description":"MEN\u00da COMPLETO &#8220;La fusi\u00f3n de la frescura costera con el sabor de Morelos.&#8221; Descubre Nuestro Arte Culinario &#8220;Explorar la Carta Ahora&#8221; Reserva tu mesa YA! Reserva tu mesa aqui. \u00a1Vis\u00edtanos o Reserva tu Mesa! &#8220;Ya sea que desees reservar tu mesa, consultar nuestros horarios o planificar un evento especial, nuestro equipo est\u00e1 listo para atenderte.&#8221; [&hellip;]","og_url":"https:\/\/restaurantebahiaclubyaute.com\/?page_id=34","og_site_name":"Restaurante Bahia Yautepec","article_publisher":"https:\/\/www.facebook.com\/61583127422705\/posts\/disfruta-un-sabado-de-desayuno-buffet-con-nosotros-y-pasa-el-da-gozando-de-nue\/122102781687104247\/","article_modified_time":"2025-11-27T00:51:31+00:00","twitter_card":"summary_large_image","twitter_misc":{"Est. reading time":"1 minute"},"schema":{"@context":"https:\/\/schema.org","@graph":[{"@type":"WebPage","@id":"https:\/\/restaurantebahiaclubyaute.com\/?page_id=34","url":"https:\/\/restaurantebahiaclubyaute.com\/?page_id=34","name":"Men\u00fa - Restaurante Bahia Yautepec","isPartOf":{"@id":"http:\/\/restaurantebahiaclubyaute.com\/#website"},"datePublished":"2025-10-28T18:29:18+00:00","dateModified":"2025-11-27T00:51:31+00:00","breadcrumb":{"@id":"https:\/\/restaurantebahiaclubyaute.com\/?page_id=34#breadcrumb"},"inLanguage":"en-US","potentialAction":[{"@type":"ReadAction","target":["https:\/\/restaurantebahiaclubyaute.com\/?page_id=34"]}]},{"@type":"BreadcrumbList","@id":"https:\/\/restaurantebahiaclubyaute.com\/?page_id=34#breadcrumb","itemListElement":[{"@type":"ListItem","position":1,"name":"Home","item":"http:\/\/restaurantebahiaclubyaute.com\/"},{"@type":"ListItem","position":2,"name":"Men\u00fa"}]},{"@type":"WebSite","@id":"http:\/\/restaurantebahiaclubyaute.com\/#website","url":"http:\/\/restaurantebahiaclubyaute.com\/","name":"Restaurante Bahia Yautepec","description":"","publisher":{"@id":"http:\/\/restaurantebahiaclubyaute.com\/#organization"},"potentialAction":[{"@type":"SearchAction","target":{"@type":"EntryPoint","urlTemplate":"http:\/\/restaurantebahiaclubyaute.com\/?s={search_term_string}"},"query-input":{"@type":"PropertyValueSpecification","valueRequired":true,"valueName":"search_term_string"}}],"inLanguage":"en-US"},{"@type":"Organization","@id":"http:\/\/restaurantebahiaclubyaute.com\/#organization","name":"Restaurante Bahia Yautepec","url":"http:\/\/restaurantebahiaclubyaute.com\/","logo":{"@type":"ImageObject","inLanguage":"en-US","@id":"http:\/\/restaurantebahiaclubyaute.com\/#\/schema\/logo\/image\/","url":"https:\/\/restaurantebahiaclubyaute.com\/wp-content\/uploads\/2025\/10\/logocasa_o.jpeg","contentUrl":"https:\/\/restaurantebahiaclubyaute.com\/wp-content\/uploads\/2025\/10\/logocasa_o.jpeg","width":1080,"height":1080,"caption":"Restaurante Bahia Yautepec"},"image":{"@id":"http:\/\/restaurantebahiaclubyaute.com\/#\/schema\/logo\/image\/"},"sameAs":["https:\/\/www.facebook.com\/61583127422705\/posts\/disfruta-un-sabado-de-desayuno-buffet-con-nosotros-y-pasa-el-da-gozando-de-nue\/122102781687104247\/"]}]}},"_links":{"self":[{"href":"https:\/\/restaurantebahiaclubyaute.com\/index.php?rest_route=\/wp\/v2\/pages\/34","targetHints":{"allow":["GET"]}}],"collection":[{"href":"https:\/\/restaurantebahiaclubyaute.com\/index.php?rest_route=\/wp\/v2\/pages"}],"about":[{"href":"https:\/\/restaurantebahiaclubyaute.com\/index.php?rest_route=\/wp\/v2\/types\/page"}],"author":[{"embeddable":true,"href":"https:\/\/restaurantebahiaclubyaute.com\/index.php?rest_route=\/wp\/v2\/users\/1"}],"replies":[{"embeddable":true,"href":"https:\/\/restaurantebahiaclubyaute.com\/index.php?rest_route=%2Fwp%2Fv2%2Fcomments&post=34"}],"version-history":[{"count":1,"href":"https:\/\/restaurantebahiaclubyaute.com\/index.php?rest_route=\/wp\/v2\/pages\/34\/revisions"}],"predecessor-version":[{"id":37,"href":"https:\/\/restaurantebahiaclubyaute.com\/index.php?rest_route=\/wp\/v2\/pages\/34\/revisions\/37"}],"wp:attachment":[{"href":"https:\/\/restaurantebahiaclubyaute.com\/index.php?rest_route=%2Fwp%2Fv2%2Fmedia&parent=34"}],"curies":[{"name":"wp","href":"https:\/\/api.w.org\/{rel}","templated":true}]}}